{"id":1176,"date":"2026-02-26T19:19:08","date_gmt":"2026-02-26T18:19:08","guid":{"rendered":"https:\/\/komalanka.pl\/?page_id=1176"},"modified":"2026-03-19T13:42:52","modified_gmt":"2026-03-19T12:42:52","slug":"abhyangam-narzedziem-ajurwedy","status":"publish","type":"page","link":"https:\/\/komalanka.pl\/?page_id=1176","title":{"rendered":"Abhyangam narz\u0119dziem Ajurwedy"},"content":{"rendered":"\t\t<div data-elementor-type=\"wp-page\" data-elementor-id=\"1176\" class=\"elementor elementor-1176\">\n\t\t\t\t<div class=\"elementor-element elementor-element-db25ecf e-flex e-con-boxed e-con e-parent\" data-id=\"db25ecf\" data-element_type=\"container\" data-e-type=\"container\">\n\t\t\t\t\t<div class=\"e-con-inner\">\n\t\t\t\t<div class=\"elementor-element elementor-element-1610052 elementor-widget elementor-widget-image\" data-id=\"1610052\" data-element_type=\"widget\" data-e-type=\"widget\" data-widget_type=\"image.default\">\n\t\t\t\t\t\t\t\t\t\t\t\t\t\t\t<img fetchpriority=\"high\" decoding=\"async\" width=\"2340\" height=\"978\" src=\"https:\/\/komalanka.pl\/wp-content\/uploads\/2025\/09\/close-up-hands-massaging-woman-1jj-1-1.png\" class=\"attachment-full size-full wp-image-652\" alt=\"\" srcset=\"https:\/\/komalanka.pl\/wp-content\/uploads\/2025\/09\/close-up-hands-massaging-woman-1jj-1-1.png 2340w, https:\/\/komalanka.pl\/wp-content\/uploads\/2025\/09\/close-up-hands-massaging-woman-1jj-1-1-300x125.png 300w, https:\/\/komalanka.pl\/wp-content\/uploads\/2025\/09\/close-up-hands-massaging-woman-1jj-1-1-1024x428.png 1024w, https:\/\/komalanka.pl\/wp-content\/uploads\/2025\/09\/close-up-hands-massaging-woman-1jj-1-1-768x321.png 768w, https:\/\/komalanka.pl\/wp-content\/uploads\/2025\/09\/close-up-hands-massaging-woman-1jj-1-1-1536x642.png 1536w, https:\/\/komalanka.pl\/wp-content\/uploads\/2025\/09\/close-up-hands-massaging-woman-1jj-1-1-2048x856.png 2048w\" sizes=\"(max-width: 2340px) 100vw, 2340px\" \/>\t\t\t\t\t\t\t\t\t\t\t\t\t\t\t<\/div>\n\t\t\t\t\t<\/div>\n\t\t\t\t<\/div>\n\t\t<div class=\"elementor-element elementor-element-a62c2cb e-flex e-con-boxed e-con e-parent\" data-id=\"a62c2cb\" data-element_type=\"container\" data-e-type=\"container\">\n\t\t\t\t\t<div class=\"e-con-inner\">\n\t\t\t\t<div class=\"elementor-element elementor-element-229bb28 elementor-widget elementor-widget-heading\" data-id=\"229bb28\" data-element_type=\"widget\" data-e-type=\"widget\" data-widget_type=\"heading.default\">\n\t\t\t\t\t<h2 class=\"elementor-heading-title elementor-size-default\"><b>Czym w\u0142a\u015bciwie jest masa\u017c Abhyangam?<\/b><\/h2>\t\t\t\t<\/div>\n\t\t\t\t\t<\/div>\n\t\t\t\t<\/div>\n\t\t<div class=\"elementor-element elementor-element-d587fe7 e-flex e-con-boxed e-con e-parent\" data-id=\"d587fe7\" data-element_type=\"container\" data-e-type=\"container\">\n\t\t\t\t\t<div class=\"e-con-inner\">\n\t\t\t\t<div class=\"elementor-element elementor-element-d2cedca elementor-widget elementor-widget-text-editor\" data-id=\"d2cedca\" data-element_type=\"widget\" data-e-type=\"widget\" data-widget_type=\"text-editor.default\">\n\t\t\t\t\t\t\t\t\t<p>Masa\u017c PRANA ABHYANGAM pochodzi z Ajurwedy, uznanej przez\u00a0<span style=\"background-color: rgba(0, 0, 0, 0);\">\u015awiatow\u0105 Organizacj\u0119 Zdrowia za tradycyjny system medyczny.\u00a0<\/span><span style=\"background-color: rgba(0, 0, 0, 0);\">Ajurweda pochodzi ze staro\u017cytnych Indii, pierwotnie przekazywana jako\u00a0<\/span><span style=\"background-color: rgba(0, 0, 0, 0);\">tradycja ustna zosta\u0142a spisana ok 5000 lat temu w sanskrycie w czterech\u00a0<\/span><span style=\"background-color: rgba(0, 0, 0, 0);\">\u015bwi\u0119tych tekstach zwanych Wedami.<\/span><\/p>\t\t\t\t\t\t\t\t<\/div>\n\t\t\t\t\t<\/div>\n\t\t\t\t<\/div>\n\t\t<div class=\"elementor-element elementor-element-8a136f6 e-flex e-con-boxed e-con e-parent\" data-id=\"8a136f6\" data-element_type=\"container\" data-e-type=\"container\">\n\t\t\t\t\t<div class=\"e-con-inner\">\n\t\t\t\t<div class=\"elementor-element elementor-element-9942f2a elementor-widget elementor-widget-image\" data-id=\"9942f2a\" data-element_type=\"widget\" data-e-type=\"widget\" data-widget_type=\"image.default\">\n\t\t\t\t\t\t\t\t\t\t\t\t\t\t\t<img decoding=\"async\" width=\"1024\" height=\"561\" src=\"https:\/\/komalanka.pl\/wp-content\/uploads\/2026\/02\/Frame-1-1024x561.png\" class=\"attachment-large size-large wp-image-946\" alt=\"\" srcset=\"https:\/\/komalanka.pl\/wp-content\/uploads\/2026\/02\/Frame-1-1024x561.png 1024w, https:\/\/komalanka.pl\/wp-content\/uploads\/2026\/02\/Frame-1-300x164.png 300w, https:\/\/komalanka.pl\/wp-content\/uploads\/2026\/02\/Frame-1-768x421.png 768w, https:\/\/komalanka.pl\/wp-content\/uploads\/2026\/02\/Frame-1-1536x841.png 1536w, https:\/\/komalanka.pl\/wp-content\/uploads\/2026\/02\/Frame-1.png 2016w\" sizes=\"(max-width: 1024px) 100vw, 1024px\" \/>\t\t\t\t\t\t\t\t\t\t\t\t\t\t\t<\/div>\n\t\t\t\t\t<\/div>\n\t\t\t\t<\/div>\n\t\t<div class=\"elementor-element elementor-element-70a76a5 e-flex e-con-boxed e-con e-parent\" data-id=\"70a76a5\" data-element_type=\"container\" data-e-type=\"container\">\n\t\t\t\t\t<div class=\"e-con-inner\">\n\t\t\t\t<div class=\"elementor-element elementor-element-b5167ef elementor-widget elementor-widget-text-editor\" data-id=\"b5167ef\" data-element_type=\"widget\" data-e-type=\"widget\" data-widget_type=\"text-editor.default\">\n\t\t\t\t\t\t\t\t\t<p style=\"text-align: center; \">Ajurweda jest nauk\u0105 o \u017cyciu i holistycznym systemem uzdrawiania kt\u00f3ry&nbsp;<span style=\"background-color: rgba(0, 0, 0, 0);\">d\u0105\u017cy do r\u00f3wnowagi pomi\u0119dzy cia\u0142em, umys\u0142em i dusz\u0105 traktuj\u0105c&nbsp;<\/span><span style=\"background-color: rgba(0, 0, 0, 0);\">cz\u0142owieka jako ca\u0142o\u015b\u0107. Jej fundamenty opieraj\u0105 si\u0119 na teorii pi\u0119ciu&nbsp;<\/span><span style=\"background-color: rgba(0, 0, 0, 0);\">element\u00f3w z kt\u00f3rych powstaj\u0105 trzy konstytucje \/doshe\/ Vata, Pita i&nbsp;<\/span><span style=\"background-color: rgba(0, 0, 0, 0);\">Kapha.&nbsp;<\/span><span style=\"background-color: rgba(0, 0, 0, 0);\">System ten d\u0105\u017cy do usuni\u0119cia przyczyn nier\u00f3wnowagi w ciele poprzez&nbsp;<\/span><span style=\"background-color: rgba(0, 0, 0, 0);\">diet\u0119, zio\u0142a, masa\u017ce oraz codzienn\u0105 dyscyplin\u0119.&nbsp;<\/span><span style=\"background-color: rgba(0, 0, 0, 0);\">Z Ajurwedy wiemy, \u017ce umys\u0142 dzia\u0142a na cia\u0142o a cia\u0142o ma wp\u0142yw na umys\u0142.&nbsp;<\/span><span style=\"background-color: rgba(0, 0, 0, 0);\">Fenomenem masa\u017cu PRANA ABHYANGAM jest regulacja cia\u0142a i umys\u0142u&nbsp;<\/span><span style=\"background-color: rgba(0, 0, 0, 0);\">jednocze\u015bnie. W tym samym czasie czujesz rozlu\u017anienie cia\u0142a i&nbsp;<\/span><span style=\"background-color: rgba(0, 0, 0, 0);\">pozbywasz si\u0119 emocji.<\/span><\/p>\t\t\t\t\t\t\t\t<\/div>\n\t\t\t\t\t<\/div>\n\t\t\t\t<\/div>\n\t\t<div class=\"elementor-element elementor-element-d4e2598 e-flex e-con-boxed e-con e-parent\" data-id=\"d4e2598\" data-element_type=\"container\" data-e-type=\"container\">\n\t\t\t\t\t<div class=\"e-con-inner\">\n\t\t\t\t<div class=\"elementor-element elementor-element-35209f8 elementor-widget elementor-widget-image\" data-id=\"35209f8\" data-element_type=\"widget\" data-e-type=\"widget\" data-widget_type=\"image.default\">\n\t\t\t\t\t\t\t\t\t\t\t\t\t\t\t<img decoding=\"async\" width=\"1024\" height=\"561\" src=\"https:\/\/komalanka.pl\/wp-content\/uploads\/2026\/02\/Frame-2-1024x561.png\" class=\"attachment-large size-large wp-image-947\" alt=\"\" srcset=\"https:\/\/komalanka.pl\/wp-content\/uploads\/2026\/02\/Frame-2-1024x561.png 1024w, https:\/\/komalanka.pl\/wp-content\/uploads\/2026\/02\/Frame-2-300x164.png 300w, https:\/\/komalanka.pl\/wp-content\/uploads\/2026\/02\/Frame-2-768x421.png 768w, https:\/\/komalanka.pl\/wp-content\/uploads\/2026\/02\/Frame-2-1536x841.png 1536w, https:\/\/komalanka.pl\/wp-content\/uploads\/2026\/02\/Frame-2.png 2016w\" sizes=\"(max-width: 1024px) 100vw, 1024px\" \/>\t\t\t\t\t\t\t\t\t\t\t\t\t\t\t<\/div>\n\t\t\t\t\t<\/div>\n\t\t\t\t<\/div>\n\t\t<div class=\"elementor-element elementor-element-1e3fb8b e-con-full e-flex e-con e-child\" data-id=\"1e3fb8b\" data-element_type=\"container\" data-e-type=\"container\">\n\t\t<div class=\"elementor-element elementor-element-c28f0e4 e-flex e-con-boxed e-con e-child\" data-id=\"c28f0e4\" data-element_type=\"container\" data-e-type=\"container\" data-settings=\"{&quot;background_background&quot;:&quot;classic&quot;}\">\n\t\t\t\t\t<div class=\"e-con-inner\">\n\t\t<div class=\"elementor-element elementor-element-5f224e5 e-con-full e-flex e-con e-child\" data-id=\"5f224e5\" data-element_type=\"container\" data-e-type=\"container\">\n\t\t\t\t<div class=\"elementor-element elementor-element-451949a elementor-widget elementor-widget-heading\" data-id=\"451949a\" data-element_type=\"widget\" data-e-type=\"widget\" data-widget_type=\"heading.default\">\n\t\t\t\t\t<h2 class=\"elementor-heading-title elementor-size-default\"><b>Osi\u0105gamy to poprzez techniki:<\/b><\/h2>\t\t\t\t<\/div>\n\t\t\t\t<\/div>\n\t\t\t\t\t<\/div>\n\t\t\t\t<\/div>\n\t\t\t\t<\/div>\n\t\t<div class=\"elementor-element elementor-element-4c79993 e-flex e-con-boxed e-con e-parent\" data-id=\"4c79993\" data-element_type=\"container\" data-e-type=\"container\" data-settings=\"{&quot;background_background&quot;:&quot;classic&quot;}\">\n\t\t\t\t\t<div class=\"e-con-inner\">\n\t\t<div class=\"elementor-element elementor-element-d4504a7 e-con-full e-flex e-con e-child\" data-id=\"d4504a7\" data-element_type=\"container\" data-e-type=\"container\">\n\t\t\t\t<div class=\"elementor-element elementor-element-cc98d28 elementor-view-default elementor-position-block-start elementor-mobile-position-block-start elementor-widget elementor-widget-icon-box\" data-id=\"cc98d28\" data-element_type=\"widget\" data-e-type=\"widget\" data-widget_type=\"icon-box.default\">\n\t\t\t\t\t\t\t<div class=\"elementor-icon-box-wrapper\">\n\n\t\t\t\t\t\t<div class=\"elementor-icon-box-icon\">\n\t\t\t\t<span  class=\"elementor-icon\">\n\t\t\t\t<svg aria-hidden=\"true\" class=\"e-font-icon-svg e-fas-spa\" viewBox=\"0 0 576 512\" xmlns=\"http:\/\/www.w3.org\/2000\/svg\"><path d=\"M568.25 192c-29.04.13-135.01 6.16-213.84 83-33.12 29.63-53.36 63.3-66.41 94.86-13.05-31.56-33.29-65.23-66.41-94.86-78.83-76.84-184.8-82.87-213.84-83-4.41-.02-7.79 3.4-7.75 7.82.23 27.92 7.14 126.14 88.77 199.3C172.79 480.94 256 480 288 480s115.19.95 199.23-80.88c81.64-73.17 88.54-171.38 88.77-199.3.04-4.42-3.34-7.84-7.75-7.82zM287.98 302.6c12.82-18.85 27.6-35.78 44.09-50.52 19.09-18.61 39.58-33.3 60.26-45.18-16.44-70.5-51.72-133.05-96.73-172.22-4.11-3.58-11.02-3.58-15.14 0-44.99 39.14-80.27 101.63-96.74 172.07 20.37 11.7 40.5 26.14 59.22 44.39a282.768 282.768 0 0 1 45.04 51.46z\"><\/path><\/svg>\t\t\t\t<\/span>\n\t\t\t<\/div>\n\t\t\t\n\t\t\t\t\t\t<div class=\"elementor-icon-box-content\">\n\n\t\t\t\t\n\t\t\t\t\t\t\t\t\t<p class=\"elementor-icon-box-description\">\n\t\t\t\t\t\todpowiednio wykonywane ruchy r\u0105k, nacisk, ugniatanie, tarcie,\noklepywanie i akupresura. Techniki te rozlu\u017aniaj\u0105 mi\u0119\u015bnie i\npoprawiaj\u0105 kr\u0105\u017cenie krwi i limfy, odblokowuj\u0105 kana\u0142y energetyczne i\nstymuluj\u0105 ruch energii \u017cyciowej zwanej pran\u0105\t\t\t\t\t<\/p>\n\t\t\t\t\n\t\t\t<\/div>\n\t\t\t\n\t\t<\/div>\n\t\t\t\t\t\t<\/div>\n\t\t\t\t<\/div>\n\t\t<div class=\"elementor-element elementor-element-93a0bcc e-con-full e-flex e-con e-child\" data-id=\"93a0bcc\" data-element_type=\"container\" data-e-type=\"container\">\n\t\t\t\t<div class=\"elementor-element elementor-element-1e78b96 elementor-view-default elementor-position-block-start elementor-mobile-position-block-start elementor-widget elementor-widget-icon-box\" data-id=\"1e78b96\" data-element_type=\"widget\" data-e-type=\"widget\" data-widget_type=\"icon-box.default\">\n\t\t\t\t\t\t\t<div class=\"elementor-icon-box-wrapper\">\n\n\t\t\t\t\t\t<div class=\"elementor-icon-box-icon\">\n\t\t\t\t<span  class=\"elementor-icon\">\n\t\t\t\t<svg aria-hidden=\"true\" class=\"e-font-icon-svg e-fas-spa\" viewBox=\"0 0 576 512\" xmlns=\"http:\/\/www.w3.org\/2000\/svg\"><path d=\"M568.25 192c-29.04.13-135.01 6.16-213.84 83-33.12 29.63-53.36 63.3-66.41 94.86-13.05-31.56-33.29-65.23-66.41-94.86-78.83-76.84-184.8-82.87-213.84-83-4.41-.02-7.79 3.4-7.75 7.82.23 27.92 7.14 126.14 88.77 199.3C172.79 480.94 256 480 288 480s115.19.95 199.23-80.88c81.64-73.17 88.54-171.38 88.77-199.3.04-4.42-3.34-7.84-7.75-7.82zM287.98 302.6c12.82-18.85 27.6-35.78 44.09-50.52 19.09-18.61 39.58-33.3 60.26-45.18-16.44-70.5-51.72-133.05-96.73-172.22-4.11-3.58-11.02-3.58-15.14 0-44.99 39.14-80.27 101.63-96.74 172.07 20.37 11.7 40.5 26.14 59.22 44.39a282.768 282.768 0 0 1 45.04 51.46z\"><\/path><\/svg>\t\t\t\t<\/span>\n\t\t\t<\/div>\n\t\t\t\n\t\t\t\t\t\t<div class=\"elementor-icon-box-content\">\n\n\t\t\t\t\n\t\t\t\t\t\t\t\t\t<p class=\"elementor-icon-box-description\">\n\t\t\t\t\t\tr\u00f3wnowa\u017cenie energii przez dotyk dzia\u0142a koj\u0105co i rozlu\u017aniaj\u0105co na organizm i umys\u0142,\nwprowadzaj\u0105c w naturalny stan g\u0142\u0119bokiego relaksu.\t\t\t\t\t<\/p>\n\t\t\t\t\n\t\t\t<\/div>\n\t\t\t\n\t\t<\/div>\n\t\t\t\t\t\t<\/div>\n\t\t\t\t<\/div>\n\t\t<div class=\"elementor-element elementor-element-75a926e e-con-full e-flex e-con e-child\" data-id=\"75a926e\" data-element_type=\"container\" data-e-type=\"container\">\n\t\t\t\t<div class=\"elementor-element elementor-element-f5587c3 elementor-view-default elementor-position-block-start elementor-mobile-position-block-start elementor-widget elementor-widget-icon-box\" data-id=\"f5587c3\" data-element_type=\"widget\" data-e-type=\"widget\" data-widget_type=\"icon-box.default\">\n\t\t\t\t\t\t\t<div class=\"elementor-icon-box-wrapper\">\n\n\t\t\t\t\t\t<div class=\"elementor-icon-box-icon\">\n\t\t\t\t<span  class=\"elementor-icon\">\n\t\t\t\t<svg aria-hidden=\"true\" class=\"e-font-icon-svg e-fas-spa\" viewBox=\"0 0 576 512\" xmlns=\"http:\/\/www.w3.org\/2000\/svg\"><path d=\"M568.25 192c-29.04.13-135.01 6.16-213.84 83-33.12 29.63-53.36 63.3-66.41 94.86-13.05-31.56-33.29-65.23-66.41-94.86-78.83-76.84-184.8-82.87-213.84-83-4.41-.02-7.79 3.4-7.75 7.82.23 27.92 7.14 126.14 88.77 199.3C172.79 480.94 256 480 288 480s115.19.95 199.23-80.88c81.64-73.17 88.54-171.38 88.77-199.3.04-4.42-3.34-7.84-7.75-7.82zM287.98 302.6c12.82-18.85 27.6-35.78 44.09-50.52 19.09-18.61 39.58-33.3 60.26-45.18-16.44-70.5-51.72-133.05-96.73-172.22-4.11-3.58-11.02-3.58-15.14 0-44.99 39.14-80.27 101.63-96.74 172.07 20.37 11.7 40.5 26.14 59.22 44.39a282.768 282.768 0 0 1 45.04 51.46z\"><\/path><\/svg>\t\t\t\t<\/span>\n\t\t\t<\/div>\n\t\t\t\n\t\t\t\t\t\t<div class=\"elementor-icon-box-content\">\n\n\t\t\t\t\n\t\t\t\t\t\t\t\t\t<p class=\"elementor-icon-box-description\">\n\t\t\t\t\t\taplikacja naturalnych, wysokiej jako\u015bci olej\u00f3w, indywidualnie\ndobieranych do potrzeb osoby zgodnie z jej konstytucj\u0105 fizyczn\u0105 i\npsychiczn\u0105. Olej wzmacnia i utrwala efekt pracy r\u0105k, od\u017cywia,\nodm\u0142adza, uelastycznia i nawil\u017ca sk\u00f3r\u0119 oraz tkanki, pobudza\nkr\u0105\u017cenie, wycisza uk\u0142ad nerwowy i uspokaja umys\u0142\t\t\t\t\t<\/p>\n\t\t\t\t\n\t\t\t<\/div>\n\t\t\t\n\t\t<\/div>\n\t\t\t\t\t\t<\/div>\n\t\t\t\t<\/div>\n\t\t\t\t\t<\/div>\n\t\t\t\t<\/div>\n\t\t<div class=\"elementor-element elementor-element-d44c826 e-flex e-con-boxed e-con e-parent\" data-id=\"d44c826\" data-element_type=\"container\" data-e-type=\"container\">\n\t\t\t\t\t<div class=\"e-con-inner\">\n\t\t\t\t<div class=\"elementor-element elementor-element-7cabbcb elementor-widget elementor-widget-text-editor\" data-id=\"7cabbcb\" data-element_type=\"widget\" data-e-type=\"widget\" data-widget_type=\"text-editor.default\">\n\t\t\t\t\t\t\t\t\t<p>Je\u017celi prana p\u0142ynie w\u0142a\u015bciwie to pojawia si\u0119 stan r\u00f3wnowagi a g\u0142\u0119boki\u00a0<span style=\"background-color: rgba(0, 0, 0, 0);\">relaks zwi\u0119ksza zdolno\u015b\u0107 organizmu do samoregulacji i uzdrowienia.\u00a0<\/span><span style=\"background-color: rgba(0, 0, 0, 0);\">Masa\u017c PRANA ABHYANGAM osi\u0105ga takie rezultaty b\u0119d\u0105c jednym ze\u00a0<\/span><span style=\"background-color: rgba(0, 0, 0, 0);\">wspomagaj\u0105cych zdrowie narz\u0119dzi Ajurwedy.<\/span><\/p>\t\t\t\t\t\t\t\t<\/div>\n\t\t\t\t\t<\/div>\n\t\t\t\t<\/div>\n\t\t\t\t<\/div>\n\t\t","protected":false},"excerpt":{"rendered":"<p>Czym w\u0142a\u015bciwie jest masa\u017c Abhyangam? Masa\u017c PRANA ABHYANGAM pochodzi z Ajurwedy, uznanej przez\u00a0\u015awiatow\u0105 Organizacj\u0119 Zdrowia za tradycyjny system medyczny.\u00a0Ajurweda pochodzi ze staro\u017cytnych Indii, pierwotnie przekazywana jako\u00a0tradycja ustna zosta\u0142a spisana ok 5000 lat temu w sanskrycie w czterech\u00a0\u015bwi\u0119tych tekstach zwanych Wedami. Ajurweda jest nauk\u0105 o \u017cyciu i holistycznym systemem uzdrawiania kt\u00f3ry&nbsp;d\u0105\u017cy do r\u00f3wnowagi pomi\u0119dzy cia\u0142em, umys\u0142em&#8230;<\/p>\n","protected":false},"author":1,"featured_media":0,"parent":0,"menu_order":0,"comment_status":"closed","ping_status":"closed","template":"","meta":{"_kadence_starter_templates_imported_post":false,"_kad_post_transparent":"","_kad_post_title":"hide","_kad_post_layout":"fullwidth","_kad_post_sidebar_id":"","_kad_post_content_style":"unboxed","_kad_post_vertical_padding":"hide","_kad_post_feature":"hide","_kad_post_feature_position":"","_kad_post_header":false,"_kad_post_footer":false,"_kad_post_classname":"","footnotes":""},"class_list":["post-1176","page","type-page","status-publish","hentry"],"_links":{"self":[{"href":"https:\/\/komalanka.pl\/index.php?rest_route=\/wp\/v2\/pages\/1176","targetHints":{"allow":["GET"]}}],"collection":[{"href":"https:\/\/komalanka.pl\/index.php?rest_route=\/wp\/v2\/pages"}],"about":[{"href":"https:\/\/komalanka.pl\/index.php?rest_route=\/wp\/v2\/types\/page"}],"author":[{"embeddable":true,"href":"https:\/\/komalanka.pl\/index.php?rest_route=\/wp\/v2\/users\/1"}],"replies":[{"embeddable":true,"href":"https:\/\/komalanka.pl\/index.php?rest_route=%2Fwp%2Fv2%2Fcomments&post=1176"}],"version-history":[{"count":19,"href":"https:\/\/komalanka.pl\/index.php?rest_route=\/wp\/v2\/pages\/1176\/revisions"}],"predecessor-version":[{"id":1358,"href":"https:\/\/komalanka.pl\/index.php?rest_route=\/wp\/v2\/pages\/1176\/revisions\/1358"}],"wp:attachment":[{"href":"https:\/\/komalanka.pl\/index.php?rest_route=%2Fwp%2Fv2%2Fmedia&parent=1176"}],"curies":[{"name":"wp","href":"https:\/\/api.w.org\/{rel}","templated":true}]}}